{"id":1173,"date":"2018-05-28T16:51:15","date_gmt":"2018-05-28T14:51:15","guid":{"rendered":"https:\/\/janroelofgeertsmafonds.frl\/frl\/?page_id=1173"},"modified":"2018-06-11T17:41:07","modified_gmt":"2018-06-11T15:41:07","slug":"privacyferklearring","status":"publish","type":"page","link":"https:\/\/janroelofgeertsmafonds.frl\/frl\/privacyferklearring\/","title":{"rendered":"Privacyferklearring"},"content":{"rendered":"<p><div class=\"fusion-fullwidth fullwidth-box fusion-builder-row-1 nonhundred-percent-fullwidth non-hundred-percent-height-scrolling\" style=\"--awb-border-radius-top-left:0px;--awb-border-radius-top-right:0px;--awb-border-radius-bottom-right:0px;--awb-border-radius-bottom-left:0px;--awb-padding-top:70px;--awb-padding-bottom:50px;--awb-margin-top:0px;--awb-margin-bottom:0px;--awb-flex-wrap:wrap;\" ><div class=\"fusion-builder-row fusion-row\"><div class=\"fusion-layout-column fusion_builder_column fusion-builder-column-0 fusion_builder_column_3_4 3_4 fusion-three-fourth fusion-column-first\" style=\"--awb-bg-size:cover;width:75%;width:calc(75% - ( ( 4% ) * 0.75 ) );margin-right: 4%;\"><div class=\"fusion-column-wrapper fusion-flex-column-wrapper-legacy\"><div class=\"fusion-text fusion-text-1\"><h3><strong>Privacyferklearring Jan Roelof Geertsmaf\u00fbns<\/strong><\/h3>\n<p>It Jan Roelof Geertsmaf\u00fbns sil sekuer omgean mei de privacy fan de br\u00fbkers fan har webside en de relaasjes. Wy tinke der om dat wy de persoanlike ynformaasje sa\u2019t dy ta \u00fas komt sekuer en fertroulik behannelje. Hjirnei beskriuwe wy it privacybelied fan it Jan Roelof Geertsmaf\u00fbns.<\/p>\n<p>As jo persoanlike gegevens ynfolje op \u00fas webside dan fine jo it goed dat wy jo gegevens oerienkommend mei \u00fas privacyferklearring br\u00fbke.<\/p>\n<h3><strong>It sammeljen fan persoanlike gegevens<\/strong><\/h3>\n<p>Jo kinne de webside fan it Jan Roelof Geertsmaf\u00fbns in besite bringe s\u00fbnder dat jo ynformaasje jowe oer jo identiteit. It kin lykwols barre dat wy ynformaasje, lyk as jo namme, adres, tillefoann\u00fbmer en e-mailadres, fan jo nedich ha. Dizze gegevens br\u00fbke wy dan bygelyks om mei jo skriuwe te kinnen. Yn dat soarte gefallen sille wy jo freegje de needsaaklike gegevens yn te foljen op \u00fas webformulier.<\/p>\n<p>Gegevens dy\u2019t te dwaan ha mei jo klik- en br\u00fbkersgedrach br\u00fbke wy oars net as foar it meitsjen fan statistiken oer it gebr\u00fbk fan \u00fas webside.<br \/>\nAlle ynformaasje dy\u2019t jo oan \u00fas jowe sil troch \u00fas allinne mar br\u00fbkt wurde yn oerienstimming met de wet en dit bart dan op in kreaze en sekuere wize.<\/p>\n<h3><strong>It omgean mei persoanlike gegevens<\/strong><\/h3>\n<p>Yn it ramt fan \u00fas doelstelling leit it Jan Roelof Geertsmaf\u00fbns gegevens f\u00east. As jo frege wurde om persoanlike gegevens, bygelyks by it dwaan fan in oanfraach, dan wurde dy\u00a0 br\u00fbkt om jo oanfraach administratyf ferwurkje te kinnen. Ek wol kinne se br\u00fbkt wurde om tillefoanysk, oer de post of fia e-mail ynformaasje te jaan oer de status fan oanfragen of om oare needsaaklike ynformaasje te jaan.<\/p>\n<p>It Jan Roelof Geertsmaf\u00fbns jowt jo persoanlikle gegevens net troch oan oaren, \u00fatsein as jo d\u00ear mei klam tastimming foar j\u00fbn hawwe.<br \/>\nDit mei \u00fats\u00fbndering fan spesjale omstannichheden, lyk as wetlik ferplicht.<\/p>\n<h3><strong>Opslachperioade gegevens<\/strong><\/h3>\n<p>It Jan Roelof Geertsmaf\u00fbns slacht de persoanlike gegevens net langer op as nedich is foar w\u00ear\u2019t se foar bedoeld binne of w\u00ear\u2019t se foar br\u00fbkt wurde moatte.<\/p>\n<h3><strong>Befeiliging<\/strong><\/h3>\n<p>De gegevens dy\u00b4t jo \u00fas witte litte, wurde yn in feilige omjowing opslein. It Jan Roelof Geertsmf\u00fbns sil der altyd by de ferwurking fan persoansgegevens om tinke dat it befeiligingsnivo oerien komt mei de st\u00e2n fan de technyk om d\u00earmei foar te kommen dat der net-tastiene tagong, oanpassing of ferlies fan persoansgegevens plak fynt. Ek moat dat der foar soargje dat jo gegevens net oan oaren bekend makke wurde.<br \/>\nUs webside is befeilige met SSL. Us kompj\u00fbters binne befeilige mei wachtwurden.<\/p>\n<h3><strong>Cookies<\/strong><\/h3>\n<p>De webside fan it Jan Roelof Geertsmaf\u00fbns makket gebr\u00fbk fan cookies om der foar te soargjen dat de webside sa goed as mooglik br\u00fbkt wurde kin.<br \/>\nIn cookie is in lyts kompj\u00fbterbest\u00e2n dat mei bledsiden fan de webside meistjoerd wurdt en troch jo ynternetprogramma op de hurde skiif fan jo kompj\u00fbter opslein wurdt.<br \/>\nYnformaasje dy\u2019t opslein is yn in cookie kin by in folgjende besite oan \u00fas webside nei \u00fas webserver werom stjoerd wurde.<\/p>\n<p>Us belied oangeande cookies op \u00fas webside giet lykop mei de wetlike beskerming fan jo persoansgegevens en privacy. Wy folgje alle wet- en regeljowing dy\u2019t der op dit m\u00ead is en dy\u2019t noch hyltyd yn \u00fbntwikkeling is.<\/p>\n<p>De besiker kin sels witte hoe oft der mei de cookies omgien wurde moat. Hy kin syn ynternetprogramma sa ynstelle dat dy it gebr\u00fbk fan cookies tastiet, net tastiet of foar in part tastiet. Yn dit l\u00easte gefal kin ynsteld wurde hokker websides cookies pleatse meije.<br \/>\nBy alle oare websides wurdt dat dan ferbean. De measte hjoeddeiske ynternetprogramma\u2019s hawwe dy mooglikheit.<\/p>\n<p>Cookies kinne altyd fan in kompj\u00fbter ferwidere wurde, ek wer mei help fan it ynternetprogramma.<\/p>\n<h3><strong>It rjocht om jo gegevens yn te sjen, om se te ferbetterjen of om se te ferwiderjen<\/strong><\/h3>\n<p>Jo kinne op elk stuit jo gegevens opfreegje, ferbetterje litte of ferwiderje litte \u00fat de bestannen fan it Jan Roelof Geertsmaf\u00fbns. Nim d\u00earta kontakt op mei help fan it kontaktformulier of stjoer in berjochtsje nei <a href=\"mailto:info@janroelofgeertsmafonds.frl\">info@janroelofgeertsmafonds.frl<\/a><\/p>\n<h3><strong>It yntsjinjen fan in klacht.<\/strong><\/h3>\n<p>As jo fan betinken binne dat wy \u00fas net h\u00e2lde oan de eisken dy\u2019t de Algemene Verordening Gegevensbescherming (AVG) oan \u00fas stelt, dan kinne jo in klacht yntsjinje by de Autoriteit Persoonsgegevens.<\/p>\n<h3><strong>Feroarings<\/strong><\/h3>\n<p>It Jan Roelof Geertsmaf\u00fbns beh\u00e2ldt him it rjocht foar feroarings oan te bringen yn dit privacybelied. Dit dokumint is foar it l\u00east oanpast op 25 maaie 2018.<\/p>\n<\/div><div class=\"fusion-clearfix\"><\/div><\/div><\/div><\/div><\/div><div class=\"fusion-fullwidth fullwidth-box fusion-builder-row-2 fusion-parallax-none hundred-percent-fullwidth non-hundred-percent-height-scrolling lazyload\" style=\"--awb-border-radius-top-left:0px;--awb-border-radius-top-right:0px;--awb-border-radius-bottom-right:0px;--awb-border-radius-bottom-left:0px;--awb-padding-bottom:600px;--awb-background-size:cover;--awb-flex-wrap:wrap;\" data-bg=\"https:\/\/janroelofgeertsmafonds.frl\/wp-content\/uploads\/2017\/05\/home-gras-boerderij-1500.jpg\" ><div class=\"fusion-builder-row fusion-row\"><\/div><\/div><div class=\"fusion-fullwidth fullwidth-box fusion-builder-row-3 fusion-parallax-none nonhundred-percent-fullwidth non-hundred-percent-height-scrolling lazyload\" style=\"--awb-background-position:left top;--awb-background-repeat:repeat-x;--awb-border-radius-top-left:0px;--awb-border-radius-top-right:0px;--awb-border-radius-bottom-right:0px;--awb-border-radius-bottom-left:0px;--awb-padding-top:49px;--awb-padding-right:0px;--awb-padding-bottom:6px;--awb-padding-left:0px;--awb-margin-top:0px;--awb-margin-bottom:0px;--awb-background-color:#e73c35;--awb-flex-wrap:wrap;\" data-bg=\"https:\/\/janroelofgeertsmafonds.frl\/wp-content\/uploads\/2017\/05\/bg_donkerrood.gif\" ><div class=\"fusion-builder-row fusion-row\"><div class=\"fusion-layout-column fusion_builder_column fusion-builder-column-1 fusion_builder_column_2_3 2_3 fusion-two-third fusion-column-first\" style=\"--awb-padding-top:0px;--awb-padding-right:20px;--awb-padding-bottom:0px;--awb-padding-left:20px;--awb-bg-size:cover;--awb-margin-top:2px;--awb-margin-bottom:0px;width:66.666666666667%;width:calc(66.666666666667% - ( ( 4% ) * 0.66666666666667 ) );margin-right: 4%;\"><div class=\"fusion-column-wrapper fusion-flex-column-wrapper-legacy\"><div class=\"fusion-title title fusion-title-1 fusion-sep-none fusion-title-center fusion-title-text fusion-title-size-two\" style=\"--awb-margin-top-small:10px;--awb-margin-right-small:0px;--awb-margin-bottom-small:10px;--awb-margin-left-small:0px;\"><h2 class=\"fusion-title-heading title-heading-center\" style=\"margin:0;\">NIM KONTAKT MEI \u00daS OP<\/h2><\/div><div class=\"fusion-clearfix\"><\/div><\/div><\/div><div class=\"fusion-layout-column fusion_builder_column fusion-builder-column-2 fusion_builder_column_1_3 1_3 fusion-one-third fusion-column-last\" style=\"--awb-padding-top:0px;--awb-padding-right:0px;--awb-padding-bottom:0px;--awb-padding-left:0px;--awb-bg-size:cover;--awb-margin-bottom:0px;width:33.333333333333%;width:calc(33.333333333333% - ( ( 4% ) * 0.33333333333333 ) );\"><div class=\"fusion-column-wrapper fusion-flex-column-wrapper-legacy\"><div class=\"fusion-aligncenter\"><a class=\"fusion-button button-flat button-xlarge button-custom fusion-button-default button-1 fusion-button-default-span fusion-button-default-type fusion-animated\" style=\"--button_accent_color:#ffffff;--button_accent_hover_color:#ffffff;--button_border_hover_color:#ffffff;--button_gradient_top_color:#29235c;--button_gradient_bottom_color:#29235c;--button_gradient_top_color_hover:#201943;--button_gradient_bottom_color_hover:#201943;\" data-animationType=\"rubberBand\" data-animationDuration=\"1.0\" data-animationOffset=\"top-into-view\" target=\"_self\" href=\"\/kontakt\"><span class=\"fusion-button-text awb-button__text awb-button__text--default\">KONTAKT<\/span><\/a><\/div><div class=\"fusion-sep-clear\"><\/div><div class=\"fusion-separator fusion-full-width-sep\" style=\"margin-left: auto;margin-right: auto;margin-top:37px;width:100%;\"><\/div><div class=\"fusion-sep-clear\"><\/div><div class=\"fusion-clearfix\"><\/div><\/div><\/div><\/div><\/div><\/p>\n","protected":false},"excerpt":{"rendered":"","protected":false},"author":1,"featured_media":0,"parent":0,"menu_order":0,"comment_status":"closed","ping_status":"closed","template":"100-width.php","meta":{"footnotes":""},"class_list":["post-1173","page","type-page","status-publish","hentry"],"yoast_head":"<!-- This site is optimized with the Yoast SEO plugin v27.1.1 - https:\/\/yoast.com\/product\/yoast-seo-wordpress\/ -->\n<title>Privacyferklearring | Jan Roelof Geertsmafonds<\/title>\n<meta name=\"robots\" content=\"noindex, nofollow\" \/>\n<meta property=\"og:locale\" content=\"fr_FR\" \/>\n<meta property=\"og:type\" content=\"article\" \/>\n<meta property=\"og:title\" content=\"Privacyferklearring | Jan Roelof Geertsmafonds\" \/>\n<meta property=\"og:url\" content=\"https:\/\/janroelofgeertsmafonds.frl\/frl\/privacyferklearring\/\" \/>\n<meta property=\"og:site_name\" content=\"Jan Roelof Geertsmafonds\" \/>\n<meta property=\"article:modified_time\" content=\"2018-06-11T15:41:07+00:00\" \/>\n<meta name=\"twitter:card\" content=\"summary_large_image\" \/>\n<meta name=\"twitter:label1\" content=\"Est. reading time\" \/>\n\t<meta name=\"twitter:data1\" content=\"7 minutes\" \/>\n<script type=\"application\/ld+json\" class=\"yoast-schema-graph\">{\"@context\":\"https:\/\/schema.org\",\"@graph\":[{\"@type\":\"WebPage\",\"@id\":\"https:\/\/janroelofgeertsmafonds.frl\/frl\/privacyferklearring\/\",\"url\":\"https:\/\/janroelofgeertsmafonds.frl\/frl\/privacyferklearring\/\",\"name\":\"Privacyferklearring | Jan Roelof Geertsmafonds\",\"isPartOf\":{\"@id\":\"https:\/\/janroelofgeertsmafonds.frl\/#website\"},\"datePublished\":\"2018-05-28T14:51:15+00:00\",\"dateModified\":\"2018-06-11T15:41:07+00:00\",\"breadcrumb\":{\"@id\":\"https:\/\/janroelofgeertsmafonds.frl\/frl\/privacyferklearring\/#breadcrumb\"},\"inLanguage\":\"frl-FRL\",\"potentialAction\":[{\"@type\":\"ReadAction\",\"target\":[\"https:\/\/janroelofgeertsmafonds.frl\/frl\/privacyferklearring\/\"]}]},{\"@type\":\"BreadcrumbList\",\"@id\":\"https:\/\/janroelofgeertsmafonds.frl\/frl\/privacyferklearring\/#breadcrumb\",\"itemListElement\":[{\"@type\":\"ListItem\",\"position\":1,\"name\":\"Home\",\"item\":\"https:\/\/janroelofgeertsmafonds.frl\/frl\/thusside\/\"},{\"@type\":\"ListItem\",\"position\":2,\"name\":\"Privacyferklearring\"}]},{\"@type\":\"WebSite\",\"@id\":\"https:\/\/janroelofgeertsmafonds.frl\/#website\",\"url\":\"https:\/\/janroelofgeertsmafonds.frl\/\",\"name\":\"Jan Roelof Geertsmafonds\",\"description\":\"\",\"potentialAction\":[{\"@type\":\"SearchAction\",\"target\":{\"@type\":\"EntryPoint\",\"urlTemplate\":\"https:\/\/janroelofgeertsmafonds.frl\/?s={search_term_string}\"},\"query-input\":{\"@type\":\"PropertyValueSpecification\",\"valueRequired\":true,\"valueName\":\"search_term_string\"}}],\"inLanguage\":\"frl-FRL\"}]}<\/script>\n<!-- \/ Yoast SEO plugin. -->","yoast_head_json":{"title":"Privacyferklearring | Jan Roelof Geertsmafonds","robots":{"index":"noindex","follow":"nofollow"},"og_locale":"fr_FR","og_type":"article","og_title":"Privacyferklearring | Jan Roelof Geertsmafonds","og_url":"https:\/\/janroelofgeertsmafonds.frl\/frl\/privacyferklearring\/","og_site_name":"Jan Roelof Geertsmafonds","article_modified_time":"2018-06-11T15:41:07+00:00","twitter_card":"summary_large_image","twitter_misc":{"Est. reading time":"7 minutes"},"schema":{"@context":"https:\/\/schema.org","@graph":[{"@type":"WebPage","@id":"https:\/\/janroelofgeertsmafonds.frl\/frl\/privacyferklearring\/","url":"https:\/\/janroelofgeertsmafonds.frl\/frl\/privacyferklearring\/","name":"Privacyferklearring | Jan Roelof Geertsmafonds","isPartOf":{"@id":"https:\/\/janroelofgeertsmafonds.frl\/#website"},"datePublished":"2018-05-28T14:51:15+00:00","dateModified":"2018-06-11T15:41:07+00:00","breadcrumb":{"@id":"https:\/\/janroelofgeertsmafonds.frl\/frl\/privacyferklearring\/#breadcrumb"},"inLanguage":"frl-FRL","potentialAction":[{"@type":"ReadAction","target":["https:\/\/janroelofgeertsmafonds.frl\/frl\/privacyferklearring\/"]}]},{"@type":"BreadcrumbList","@id":"https:\/\/janroelofgeertsmafonds.frl\/frl\/privacyferklearring\/#breadcrumb","itemListElement":[{"@type":"ListItem","position":1,"name":"Home","item":"https:\/\/janroelofgeertsmafonds.frl\/frl\/thusside\/"},{"@type":"ListItem","position":2,"name":"Privacyferklearring"}]},{"@type":"WebSite","@id":"https:\/\/janroelofgeertsmafonds.frl\/#website","url":"https:\/\/janroelofgeertsmafonds.frl\/","name":"Jan Roelof Geertsmafonds","description":"","potentialAction":[{"@type":"SearchAction","target":{"@type":"EntryPoint","urlTemplate":"https:\/\/janroelofgeertsmafonds.frl\/?s={search_term_string}"},"query-input":{"@type":"PropertyValueSpecification","valueRequired":true,"valueName":"search_term_string"}}],"inLanguage":"frl-FRL"}]}},"_links":{"self":[{"href":"https:\/\/janroelofgeertsmafonds.frl\/frl\/wp-json\/wp\/v2\/pages\/1173","targetHints":{"allow":["GET"]}}],"collection":[{"href":"https:\/\/janroelofgeertsmafonds.frl\/frl\/wp-json\/wp\/v2\/pages"}],"about":[{"href":"https:\/\/janroelofgeertsmafonds.frl\/frl\/wp-json\/wp\/v2\/types\/page"}],"author":[{"embeddable":true,"href":"https:\/\/janroelofgeertsmafonds.frl\/frl\/wp-json\/wp\/v2\/users\/1"}],"replies":[{"embeddable":true,"href":"https:\/\/janroelofgeertsmafonds.frl\/frl\/wp-json\/wp\/v2\/comments?post=1173"}],"version-history":[{"count":5,"href":"https:\/\/janroelofgeertsmafonds.frl\/frl\/wp-json\/wp\/v2\/pages\/1173\/revisions"}],"predecessor-version":[{"id":1180,"href":"https:\/\/janroelofgeertsmafonds.frl\/frl\/wp-json\/wp\/v2\/pages\/1173\/revisions\/1180"}],"wp:attachment":[{"href":"https:\/\/janroelofgeertsmafonds.frl\/frl\/wp-json\/wp\/v2\/media?parent=1173"}],"curies":[{"name":"wp","href":"https:\/\/api.w.org\/{rel}","templated":true}]}}